{"id":1577,"date":"2024-05-21T11:48:43","date_gmt":"2024-05-21T16:48:43","guid":{"rendered":"https:\/\/hostelsquito.net\/?page_id=1577"},"modified":"2024-10-22T17:53:34","modified_gmt":"2024-10-22T22:53:34","slug":"ecuador-tours","status":"publish","type":"page","link":"https:\/\/hostelsquito.net\/es\/ecuador-tours\/","title":{"rendered":"Ecuador Tours"},"content":{"rendered":"<div data-elementor-type=\"wp-page\" data-elementor-id=\"1577\" class=\"elementor elementor-1577\">\n\t\t\t\t<div class=\"elementor-element elementor-element-652e8db e-flex e-con-boxed e-con e-parent\" data-id=\"652e8db\" data-element_type=\"container\" data-e-type=\"container\">\n\t\t\t\t\t<div class=\"e-con-inner\">\n\t\t\t\t<div class=\"elementor-element elementor-element-d0d7e57 elementor-widget-divider--view-line elementor-widget elementor-widget-divider\" data-id=\"d0d7e57\" data-element_type=\"widget\" data-e-type=\"widget\" data-widget_type=\"divider.default\">\n\t\t\t\t<div class=\"elementor-widget-container\">\n\t\t\t\t\t\t\t<div class=\"elementor-divider\">\n\t\t\t<span class=\"elementor-divider-separator\">\n\t\t\t\t\t\t<\/span>\n\t\t<\/div>\n\t\t\t\t\t\t<\/div>\n\t\t\t\t<\/div>\n\t\t\t\t\t<\/div>\n\t\t\t\t<\/div>\n\t\t<div class=\"elementor-element elementor-element-bd83a76 e-flex e-con-boxed e-con e-parent\" data-id=\"bd83a76\" data-element_type=\"container\" data-e-type=\"container\">\n\t\t\t\t\t<div class=\"e-con-inner\">\n\t\t<div class=\"elementor-element elementor-element-0836e28 e-con-full e-flex e-con e-child\" data-id=\"0836e28\" data-element_type=\"container\" data-e-type=\"container\">\n\t\t\t\t<div class=\"elementor-element elementor-element-ceae44f elementor-view-default elementor-widget elementor-widget-icon\" data-id=\"ceae44f\" data-element_type=\"widget\" data-e-type=\"widget\" data-widget_type=\"icon.default\">\n\t\t\t\t<div class=\"elementor-widget-container\">\n\t\t\t\t\t\t\t<div class=\"elementor-icon-wrapper\">\n\t\t\t<div class=\"elementor-icon\">\n\t\t\t<svg aria-hidden=\"true\" class=\"e-font-icon-svg e-far-star\" viewbox=\"0 0 576 512\" xmlns=\"http:\/\/www.w3.org\/2000\/svg\"><path d=\"M528.1 171.5L382 150.2 316.7 17.8c-11.7-23.6-45.6-23.9-57.4 0L194 150.2 47.9 171.5c-26.2 3.8-36.7 36.1-17.7 54.6l105.7 103-25 145.5c-4.5 26.3 23.2 46 46.4 33.7L288 439.6l130.7 68.7c23.2 12.2 50.9-7.4 46.4-33.7l-25-145.5 105.7-103c19-18.5 8.5-50.8-17.7-54.6zM388.6 312.3l23.7 138.4L288 385.4l-124.3 65.3 23.7-138.4-100.6-98 139-20.2 62.2-126 62.2 126 139 20.2-100.6 98z\"><\/path><\/svg>\t\t\t<\/div>\n\t\t<\/div>\n\t\t\t\t\t\t<\/div>\n\t\t\t\t<\/div>\n\t\t\t\t<\/div>\n\t\t<div class=\"elementor-element elementor-element-6a06df5 e-flex e-con-boxed e-con e-child\" data-id=\"6a06df5\" data-element_type=\"container\" data-e-type=\"container\">\n\t\t\t\t\t<div class=\"e-con-inner\">\n\t\t\t\t<div class=\"elementor-element elementor-element-53c0ebe elementor-widget elementor-widget-heading\" data-id=\"53c0ebe\" data-element_type=\"widget\" data-e-type=\"widget\" data-widget_type=\"heading.default\">\n\t\t\t\t<div class=\"elementor-widget-container\">\n\t\t\t\t\t<h1 class=\"elementor-heading-title elementor-size-default\">ECUADOR TOURS<\/h1>\t\t\t\t<\/div>\n\t\t\t\t<\/div>\n\t\t\t\t\t<\/div>\n\t\t\t\t<\/div>\n\t\t\t\t\t<\/div>\n\t\t\t\t<\/div>\n\t\t<div class=\"elementor-element elementor-element-0adb465 e-flex e-con-boxed e-con e-parent\" data-id=\"0adb465\" data-element_type=\"container\" data-e-type=\"container\">\n\t\t\t\t\t<div class=\"e-con-inner\">\n\t\t<div class=\"elementor-element elementor-element-72dc2aa e-flex e-con-boxed e-con e-child\" data-id=\"72dc2aa\" data-element_type=\"container\" data-e-type=\"container\">\n\t\t\t\t\t<div class=\"e-con-inner\">\n\t\t<div class=\"elementor-element elementor-element-4fdd2c2 e-flex e-con-boxed e-con e-child\" data-id=\"4fdd2c2\" data-element_type=\"container\" data-e-type=\"container\" data-settings=\"{&quot;background_background&quot;:&quot;classic&quot;}\">\n\t\t\t\t\t<div class=\"e-con-inner\">\n\t\t<div class=\"elementor-element elementor-element-ec65eda e-flex e-con-boxed e-con e-child\" data-id=\"ec65eda\" data-element_type=\"container\" data-e-type=\"container\">\n\t\t\t\t\t<div class=\"e-con-inner\">\n\t\t\t\t<div class=\"elementor-element elementor-element-a3e54ce elementor-arrows-position-inside elementor-pagination-position-outside elementor-widget elementor-widget-image-carousel\" data-id=\"a3e54ce\" data-element_type=\"widget\" data-e-type=\"widget\" data-settings=\"{&quot;slides_to_show&quot;:&quot;1&quot;,&quot;effect&quot;:&quot;fade&quot;,&quot;navigation&quot;:&quot;both&quot;,&quot;autoplay&quot;:&quot;yes&quot;,&quot;pause_on_hover&quot;:&quot;yes&quot;,&quot;pause_on_interaction&quot;:&quot;yes&quot;,&quot;autoplay_speed&quot;:5000,&quot;infinite&quot;:&quot;yes&quot;,&quot;speed&quot;:500}\" data-widget_type=\"image-carousel.default\">\n\t\t\t\t<div class=\"elementor-widget-container\">\n\t\t\t\t\t\t\t<div class=\"elementor-image-carousel-wrapper swiper\" role=\"region\" aria-roledescription=\"carousel\" aria-label=\"Carrusel de im\u00e1genes\" dir=\"ltr\">\n\t\t\t<div class=\"elementor-image-carousel swiper-wrapper\" aria-live=\"off\">\n\t\t\t\t\t\t\t\t<div class=\"swiper-slide\" role=\"group\" aria-roledescription=\"slide\" aria-label=\"1 of 1\" data-no-translation-aria-label=\"\"><a data-elementor-open-lightbox=\"yes\" data-elementor-lightbox-slideshow=\"a3e54ce\" data-elementor-lightbox-title=\"ecuador-tours-by-hostal-galapagos-natural-life\" data-elementor-lightbox-description=\"ecuador tours by hostal galapagos natural life\" data-e-action-hash=\"#elementor-action%3Aaction%3Dlightbox%26settings%3DeyJpZCI6MjI0OSwidXJsIjoiaHR0cHM6XC9cL2hvc3RlbHNxdWl0by5uZXRcL3dwLWNvbnRlbnRcL3VwbG9hZHNcLzIwMjRcLzEwXC9lY3VhZG9yLXRvdXJzLWJ5LWhvc3RhbC1nYWxhcGFnb3MtbmF0dXJhbC1saWZlLmpwZyIsInNsaWRlc2hvdyI6ImEzZTU0Y2UifQ%3D%3D\" href=\"https:\/\/hostelsquito.net\/es\/ecuador-tours\/3-day-adventure-featuring-cotopaxi-or-quilotoa-lake-quito-tour-bus\/\"><figure class=\"swiper-slide-inner\"><img decoding=\"async\" class=\"swiper-slide-image\" src=\"https:\/\/i0.wp.com\/hostelsquito.net\/wp-content\/uploads\/2024\/10\/ecuador-tours-by-hostal-galapagos-natural-life.jpg?fit=768%2C517&amp;ssl=1\" alt=\"ecuador tours by hostal galapagos natural life\" \/><\/figure><\/a><\/div>\t\t\t<\/div>\n\t\t\t\t\t<\/div>\n\t\t\t\t\t\t<\/div>\n\t\t\t\t<\/div>\n\t\t\t\t<div class=\"elementor-element elementor-element-51ef1eb elementor-widget elementor-widget-heading\" data-id=\"51ef1eb\" data-element_type=\"widget\" data-e-type=\"widget\" data-widget_type=\"heading.default\">\n\t\t\t\t<div class=\"elementor-widget-container\">\n\t\t\t\t\t<h2 class=\"elementor-heading-title elementor-size-default\"><a href=\"https:\/\/hostelsquito.net\/es\/ecuador-tours\/3-day-adventure-featuring-cotopaxi-or-quilotoa-lake-quito-tour-bus\/\">Ecuador: Aventura de 3 d\u00edas con Cotopaxi o Quilotoa y Quito Tour Bus<\/a><\/h2>\t\t\t\t<\/div>\n\t\t\t\t<\/div>\n\t\t\t\t<div class=\"elementor-element elementor-element-9a63a25 elementor-widget elementor-widget-text-editor\" data-id=\"9a63a25\" data-element_type=\"widget\" data-e-type=\"widget\" data-widget_type=\"text-editor.default\">\n\t\t\t\t<div class=\"elementor-widget-container\">\n\t\t\t\t\t\t\t\t\t<p>Emb\u00e1rquese en una experiencia inolvidable en Ecuador. En tres d\u00edas, descubra la belleza del volc\u00e1n Cotopaxi o del lago Quilotoa con emocionantes caminatas, paseos en bicicleta e impresionantes vistas panor\u00e1micas adem\u00e1s de conocer la ciudad de Quito en el Quito Tour Bus<\/p>\t\t\t\t\t\t\t\t<\/div>\n\t\t\t\t<\/div>\n\t\t\t\t<div class=\"elementor-element elementor-element-51812b3 elementor-icon-list--layout-inline elementor-align-center elementor-list-item-link-full_width elementor-widget elementor-widget-icon-list\" data-id=\"51812b3\" data-element_type=\"widget\" data-e-type=\"widget\" data-widget_type=\"icon-list.default\">\n\t\t\t\t<div class=\"elementor-widget-container\">\n\t\t\t\t\t\t\t<ul class=\"elementor-icon-list-items elementor-inline-items\">\n\t\t\t\t\t\t\t<li class=\"elementor-icon-list-item elementor-inline-item\">\n\t\t\t\t\t\t\t\t\t\t\t<span class=\"elementor-icon-list-icon\">\n\t\t\t\t\t\t\t<svg aria-hidden=\"true\" class=\"e-font-icon-svg e-fas-map-marker-alt\" viewbox=\"0 0 384 512\" xmlns=\"http:\/\/www.w3.org\/2000\/svg\"><path d=\"M172.268 501.67C26.97 291.031 0 269.413 0 192 0 85.961 85.961 0 192 0s192 85.961 192 192c0 77.413-26.97 99.031-172.268 309.67-9.535 13.774-29.93 13.773-39.464 0zM192 272c44.183 0 80-35.817 80-80s-35.817-80-80-80-80 35.817-80 80 35.817 80 80 80z\"><\/path><\/svg>\t\t\t\t\t\t<\/span>\n\t\t\t\t\t\t\t\t\t\t<span class=\"elementor-icon-list-text\">Quito - Cotopaxi\/Quilotoa<\/span>\n\t\t\t\t\t\t\t\t\t<\/li>\n\t\t\t\t\t\t\t\t<li class=\"elementor-icon-list-item elementor-inline-item\">\n\t\t\t\t\t\t\t\t\t\t\t<span class=\"elementor-icon-list-icon\">\n\t\t\t\t\t\t\t<svg aria-hidden=\"true\" class=\"e-font-icon-svg e-fas-comments\" viewbox=\"0 0 576 512\" xmlns=\"http:\/\/www.w3.org\/2000\/svg\"><path d=\"M416 192c0-88.4-93.1-160-208-160S0 103.6 0 192c0 34.3 14.1 65.9 38 92-13.4 30.2-35.5 54.2-35.8 54.5-2.2 2.3-2.8 5.7-1.5 8.7S4.8 352 8 352c36.6 0 66.9-12.3 88.7-25 32.2 15.7 70.3 25 111.3 25 114.9 0 208-71.6 208-160zm122 220c23.9-26 38-57.7 38-92 0-66.9-53.5-124.2-129.3-148.1.9 6.6 1.3 13.3 1.3 20.1 0 105.9-107.7 192-240 192-10.8 0-21.3-.8-31.7-1.9C207.8 439.6 281.8 480 368 480c41 0 79.1-9.2 111.3-25 21.8 12.7 52.1 25 88.7 25 3.2 0 6.1-1.9 7.3-4.8 1.3-2.9.7-6.3-1.5-8.7-.3-.3-22.4-24.2-35.8-54.5z\"><\/path><\/svg>\t\t\t\t\t\t<\/span>\n\t\t\t\t\t\t\t\t\t\t<span class=\"elementor-icon-list-text\">Gu\u00eda biling\u00fce ingl\u00e9s-espa\u00f1ol<\/span>\n\t\t\t\t\t\t\t\t\t<\/li>\n\t\t\t\t\t\t\t\t<li class=\"elementor-icon-list-item elementor-inline-item\">\n\t\t\t\t\t\t\t\t\t\t\t<span class=\"elementor-icon-list-icon\">\n\t\t\t\t\t\t\t<svg aria-hidden=\"true\" class=\"e-font-icon-svg e-fas-coffee\" viewbox=\"0 0 640 512\" xmlns=\"http:\/\/www.w3.org\/2000\/svg\"><path d=\"M192 384h192c53 0 96-43 96-96h32c70.6 0 128-57.4 128-128S582.6 32 512 32H120c-13.3 0-24 10.7-24 24v232c0 53 43 96 96 96zM512 96c35.3 0 64 28.7 64 64s-28.7 64-64 64h-32V96h32zm47.7 384H48.3c-47.6 0-61-64-36-64h583.3c25 0 11.8 64-35.9 64z\"><\/path><\/svg>\t\t\t\t\t\t<\/span>\n\t\t\t\t\t\t\t\t\t\t<span class=\"elementor-icon-list-text\">Men\u00fa de comidas (Almuerzo)<\/span>\n\t\t\t\t\t\t\t\t\t<\/li>\n\t\t\t\t\t\t<\/ul>\n\t\t\t\t\t\t<\/div>\n\t\t\t\t<\/div>\n\t\t\t\t\t<\/div>\n\t\t\t\t<\/div>\n\t\t\t\t\t<\/div>\n\t\t\t\t<\/div>\n\t\t\t\t\t<\/div>\n\t\t\t\t<\/div>\n\t\t\t\t\t<\/div>\n\t\t\t\t<\/div>\n\t\t\t\t<\/div>","protected":false},"excerpt":{"rendered":"<p>ECUADOR TOURS Ecuador: 3-Day Adventure Featuring Cotopaxi or Quilotoa Lake and Quito Tour Bus\u200b Embark on an unforgettable experience in [&hellip;]<\/p>\n","protected":false},"author":1,"featured_media":2249,"parent":0,"menu_order":0,"comment_status":"closed","ping_status":"closed","template":"","meta":{"_eb_attr":"","site-sidebar-layout":"no-sidebar","site-content-layout":"page-builder","ast-site-content-layout":"full-width-container","site-content-style":"unboxed","site-sidebar-style":"unboxed","ast-global-header-display":"","ast-banner-title-visibility":"","ast-main-header-display":"","ast-hfb-above-header-display":"","ast-hfb-below-header-display":"","ast-hfb-mobile-header-display":"","site-post-title":"disabled","ast-breadcrumbs-content":"","ast-featured-img":"disabled","footer-sml-layout":"","ast-disable-related-posts":"","theme-transparent-header-meta":"","adv-header-id-meta":"","stick-header-meta":"","header-above-stick-meta":"","header-main-stick-meta":"","header-below-stick-meta":"","astra-migrate-meta-layouts":"set","ast-page-background-enabled":"default","ast-page-background-meta":{"desktop":{"background-color":"","background-image":"","background-repeat":"repeat","background-position":"center center","background-size":"auto","background-attachment":"scroll","background-type":"","background-media":"","overlay-type":"","overlay-color":"","overlay-opacity":"","overlay-gradient":""},"tablet":{"background-color":"","background-image":"","background-repeat":"repeat","background-position":"center center","background-size":"auto","background-attachment":"scroll","background-type":"","background-media":"","overlay-type":"","overlay-color":"","overlay-opacity":"","overlay-gradient":""},"mobile":{"background-color":"","background-image":"","background-repeat":"repeat","background-position":"center center","background-size":"auto","background-attachment":"scroll","background-type":"","background-media":"","overlay-type":"","overlay-color":"","overlay-opacity":"","overlay-gradient":""}},"ast-content-background-meta":{"desktop":{"background-color":"var(--ast-global-color-5)","background-image":"","background-repeat":"repeat","background-position":"center center","background-size":"auto","background-attachment":"scroll","background-type":"","background-media":"","overlay-type":"","overlay-color":"","overlay-opacity":"","overlay-gradient":""},"tablet":{"background-color":"var(--ast-global-color-5)","background-image":"","background-repeat":"repeat","background-position":"center center","background-size":"auto","background-attachment":"scroll","background-type":"","background-media":"","overlay-type":"","overlay-color":"","overlay-opacity":"","overlay-gradient":""},"mobile":{"background-color":"var(--ast-global-color-5)","background-image":"","background-repeat":"repeat","background-position":"center center","background-size":"auto","background-attachment":"scroll","background-type":"","background-media":"","overlay-type":"","overlay-color":"","overlay-opacity":"","overlay-gradient":""}},"footnotes":""},"class_list":["post-1577","page","type-page","status-publish","has-post-thumbnail","hentry"],"yoast_head":"<!-- This site is optimized with the Yoast SEO plugin v27.4 - https:\/\/yoast.com\/product\/yoast-seo-wordpress\/ -->\n<title>Ecuador Tours - Galapagos Hostel Natural Life<\/title>\n<meta name=\"description\" content=\"Ecuador Tours - Embark on an unforgettable experience! In 3 days, discover the beauty of Cotopaxi Volcano or Quilotoa Lake &amp; Quito Tour Bus.\" \/>\n<meta name=\"robots\" content=\"index, follow, max-snippet:-1, max-image-preview:large, max-video-preview:-1\" \/>\n<link rel=\"canonical\" href=\"https:\/\/hostelsquito.net\/es\/ecuador-tours\/\" \/>\n<meta property=\"og:locale\" content=\"es_ES\" \/>\n<meta property=\"og:type\" content=\"article\" \/>\n<meta property=\"og:title\" content=\"Ecuador Tours - Galapagos Hostel Natural Life\" \/>\n<meta property=\"og:description\" content=\"Ecuador Tours - Embark on an unforgettable experience! In 3 days, discover the beauty of Cotopaxi Volcano or Quilotoa Lake &amp; Quito Tour Bus.\" \/>\n<meta property=\"og:url\" content=\"https:\/\/hostelsquito.net\/es\/ecuador-tours\/\" \/>\n<meta property=\"og:site_name\" content=\"Galapagos Hostel Natural Life\" \/>\n<meta property=\"article:publisher\" content=\"https:\/\/www.facebook.com\/galapagoshostel\" \/>\n<meta property=\"article:modified_time\" content=\"2024-10-22T22:53:34+00:00\" \/>\n<meta property=\"og:image\" content=\"https:\/\/hostelsquito.net\/wp-content\/uploads\/2024\/10\/ecuador-tours-by-hostal-galapagos-natural-life.jpg\" \/>\n\t<meta property=\"og:image:width\" content=\"825\" \/>\n\t<meta property=\"og:image:height\" content=\"555\" \/>\n\t<meta property=\"og:image:type\" content=\"image\/jpeg\" \/>\n<meta name=\"twitter:card\" content=\"summary_large_image\" \/>\n<meta name=\"twitter:label1\" content=\"Tiempo de lectura\" \/>\n\t<meta name=\"twitter:data1\" content=\"1 minuto\" \/>\n<script type=\"application\/ld+json\" class=\"yoast-schema-graph\">{\"@context\":\"https:\\\/\\\/schema.org\",\"@graph\":[{\"@type\":\"WebPage\",\"@id\":\"https:\\\/\\\/hostelsquito.net\\\/es\\\/ecuador-tours\\\/\",\"url\":\"https:\\\/\\\/hostelsquito.net\\\/es\\\/ecuador-tours\\\/\",\"name\":\"Ecuador Tours - Galapagos Hostel Natural Life\",\"isPartOf\":{\"@id\":\"https:\\\/\\\/hostelsquito.net\\\/es\\\/#website\"},\"primaryImageOfPage\":{\"@id\":\"https:\\\/\\\/hostelsquito.net\\\/es\\\/ecuador-tours\\\/#primaryimage\"},\"image\":{\"@id\":\"https:\\\/\\\/hostelsquito.net\\\/es\\\/ecuador-tours\\\/#primaryimage\"},\"thumbnailUrl\":\"https:\\\/\\\/i0.wp.com\\\/hostelsquito.net\\\/wp-content\\\/uploads\\\/2024\\\/10\\\/ecuador-tours-by-hostal-galapagos-natural-life.jpg?fit=825%2C555&ssl=1\",\"datePublished\":\"2024-05-21T16:48:43+00:00\",\"dateModified\":\"2024-10-22T22:53:34+00:00\",\"description\":\"Ecuador Tours - Embark on an unforgettable experience! In 3 days, discover the beauty of Cotopaxi Volcano or Quilotoa Lake & Quito Tour Bus.\",\"breadcrumb\":{\"@id\":\"https:\\\/\\\/hostelsquito.net\\\/es\\\/ecuador-tours\\\/#breadcrumb\"},\"inLanguage\":\"es\",\"potentialAction\":[{\"@type\":\"ReadAction\",\"target\":[\"https:\\\/\\\/hostelsquito.net\\\/es\\\/ecuador-tours\\\/\"]}]},{\"@type\":\"ImageObject\",\"inLanguage\":\"es\",\"@id\":\"https:\\\/\\\/hostelsquito.net\\\/es\\\/ecuador-tours\\\/#primaryimage\",\"url\":\"https:\\\/\\\/i0.wp.com\\\/hostelsquito.net\\\/wp-content\\\/uploads\\\/2024\\\/10\\\/ecuador-tours-by-hostal-galapagos-natural-life.jpg?fit=825%2C555&ssl=1\",\"contentUrl\":\"https:\\\/\\\/i0.wp.com\\\/hostelsquito.net\\\/wp-content\\\/uploads\\\/2024\\\/10\\\/ecuador-tours-by-hostal-galapagos-natural-life.jpg?fit=825%2C555&ssl=1\",\"width\":825,\"height\":555,\"caption\":\"ecuador tours by hostal galapagos natural life\"},{\"@type\":\"BreadcrumbList\",\"@id\":\"https:\\\/\\\/hostelsquito.net\\\/es\\\/ecuador-tours\\\/#breadcrumb\",\"itemListElement\":[{\"@type\":\"ListItem\",\"position\":1,\"name\":\"Portada\",\"item\":\"https:\\\/\\\/hostelsquito.net\\\/\"},{\"@type\":\"ListItem\",\"position\":2,\"name\":\"Ecuador Tours\"}]},{\"@type\":\"WebSite\",\"@id\":\"https:\\\/\\\/hostelsquito.net\\\/es\\\/#website\",\"url\":\"https:\\\/\\\/hostelsquito.net\\\/es\\\/\",\"name\":\"Galapagos Hostel Natural Life\",\"description\":\"Galapagos Hostel Natural Life\",\"publisher\":{\"@id\":\"https:\\\/\\\/hostelsquito.net\\\/es\\\/#organization\"},\"potentialAction\":[{\"@type\":\"SearchAction\",\"target\":{\"@type\":\"EntryPoint\",\"urlTemplate\":\"https:\\\/\\\/hostelsquito.net\\\/es\\\/?s={search_term_string}\"},\"query-input\":{\"@type\":\"PropertyValueSpecification\",\"valueRequired\":true,\"valueName\":\"search_term_string\"}}],\"inLanguage\":\"es\"},{\"@type\":\"Organization\",\"@id\":\"https:\\\/\\\/hostelsquito.net\\\/es\\\/#organization\",\"name\":\"Galapagos Hostel Natural Life\",\"url\":\"https:\\\/\\\/hostelsquito.net\\\/es\\\/\",\"logo\":{\"@type\":\"ImageObject\",\"inLanguage\":\"es\",\"@id\":\"https:\\\/\\\/hostelsquito.net\\\/es\\\/#\\\/schema\\\/logo\\\/image\\\/\",\"url\":\"https:\\\/\\\/i0.wp.com\\\/hostelsquito.net\\\/wp-content\\\/uploads\\\/2023\\\/07\\\/cropped-cropped-galapagos-hostel-natural-life-logo.webp?fit=430%2C472&ssl=1\",\"contentUrl\":\"https:\\\/\\\/i0.wp.com\\\/hostelsquito.net\\\/wp-content\\\/uploads\\\/2023\\\/07\\\/cropped-cropped-galapagos-hostel-natural-life-logo.webp?fit=430%2C472&ssl=1\",\"width\":430,\"height\":472,\"caption\":\"Galapagos Hostel Natural Life\"},\"image\":{\"@id\":\"https:\\\/\\\/hostelsquito.net\\\/es\\\/#\\\/schema\\\/logo\\\/image\\\/\"},\"sameAs\":[\"https:\\\/\\\/www.facebook.com\\\/galapagoshostel\",\"https:\\\/\\\/www.instagram.com\\\/hostalgalapagosnaturallife\\\/\",\"https:\\\/\\\/www.tiktok.com\\\/@gh_naturallife\"]}]}<\/script>\n<!-- \/ Yoast SEO plugin. -->","yoast_head_json":{"title":"Ecuador Tours - Galapagos Hostel Natural Life","description":"Ecuador Tours - Embark on an unforgettable experience! In 3 days, discover the beauty of Cotopaxi Volcano or Quilotoa Lake & Quito Tour Bus.","robots":{"index":"index","follow":"follow","max-snippet":"max-snippet:-1","max-image-preview":"max-image-preview:large","max-video-preview":"max-video-preview:-1"},"canonical":"https:\/\/hostelsquito.net\/es\/ecuador-tours\/","og_locale":"es_ES","og_type":"article","og_title":"Ecuador Tours - Galapagos Hostel Natural Life","og_description":"Ecuador Tours - Embark on an unforgettable experience! In 3 days, discover the beauty of Cotopaxi Volcano or Quilotoa Lake & Quito Tour Bus.","og_url":"https:\/\/hostelsquito.net\/es\/ecuador-tours\/","og_site_name":"Galapagos Hostel Natural Life","article_publisher":"https:\/\/www.facebook.com\/galapagoshostel","article_modified_time":"2024-10-22T22:53:34+00:00","og_image":[{"width":825,"height":555,"url":"https:\/\/hostelsquito.net\/wp-content\/uploads\/2024\/10\/ecuador-tours-by-hostal-galapagos-natural-life.jpg","type":"image\/jpeg"}],"twitter_card":"summary_large_image","twitter_misc":{"Tiempo de lectura":"1 minuto"},"schema":{"@context":"https:\/\/schema.org","@graph":[{"@type":"WebPage","@id":"https:\/\/hostelsquito.net\/es\/ecuador-tours\/","url":"https:\/\/hostelsquito.net\/es\/ecuador-tours\/","name":"Ecuador Tours - Galapagos Hostel Natural Life","isPartOf":{"@id":"https:\/\/hostelsquito.net\/es\/#website"},"primaryImageOfPage":{"@id":"https:\/\/hostelsquito.net\/es\/ecuador-tours\/#primaryimage"},"image":{"@id":"https:\/\/hostelsquito.net\/es\/ecuador-tours\/#primaryimage"},"thumbnailUrl":"https:\/\/i0.wp.com\/hostelsquito.net\/wp-content\/uploads\/2024\/10\/ecuador-tours-by-hostal-galapagos-natural-life.jpg?fit=825%2C555&ssl=1","datePublished":"2024-05-21T16:48:43+00:00","dateModified":"2024-10-22T22:53:34+00:00","description":"Ecuador Tours - Embark on an unforgettable experience! In 3 days, discover the beauty of Cotopaxi Volcano or Quilotoa Lake & Quito Tour Bus.","breadcrumb":{"@id":"https:\/\/hostelsquito.net\/es\/ecuador-tours\/#breadcrumb"},"inLanguage":"es","potentialAction":[{"@type":"ReadAction","target":["https:\/\/hostelsquito.net\/es\/ecuador-tours\/"]}]},{"@type":"ImageObject","inLanguage":"es","@id":"https:\/\/hostelsquito.net\/es\/ecuador-tours\/#primaryimage","url":"https:\/\/i0.wp.com\/hostelsquito.net\/wp-content\/uploads\/2024\/10\/ecuador-tours-by-hostal-galapagos-natural-life.jpg?fit=825%2C555&ssl=1","contentUrl":"https:\/\/i0.wp.com\/hostelsquito.net\/wp-content\/uploads\/2024\/10\/ecuador-tours-by-hostal-galapagos-natural-life.jpg?fit=825%2C555&ssl=1","width":825,"height":555,"caption":"ecuador tours by hostal galapagos natural life"},{"@type":"BreadcrumbList","@id":"https:\/\/hostelsquito.net\/es\/ecuador-tours\/#breadcrumb","itemListElement":[{"@type":"ListItem","position":1,"name":"Portada","item":"https:\/\/hostelsquito.net\/"},{"@type":"ListItem","position":2,"name":"Ecuador Tours"}]},{"@type":"WebSite","@id":"https:\/\/hostelsquito.net\/es\/#website","url":"https:\/\/hostelsquito.net\/es\/","name":"Hostal Gal\u00e1pagos Natural Life","description":"Hostal Gal\u00e1pagos Natural Life","publisher":{"@id":"https:\/\/hostelsquito.net\/es\/#organization"},"potentialAction":[{"@type":"SearchAction","target":{"@type":"EntryPoint","urlTemplate":"https:\/\/hostelsquito.net\/es\/?s={search_term_string}"},"query-input":{"@type":"PropertyValueSpecification","valueRequired":true,"valueName":"search_term_string"}}],"inLanguage":"es"},{"@type":"Organization","@id":"https:\/\/hostelsquito.net\/es\/#organization","name":"Hostal Gal\u00e1pagos Natural Life","url":"https:\/\/hostelsquito.net\/es\/","logo":{"@type":"ImageObject","inLanguage":"es","@id":"https:\/\/hostelsquito.net\/es\/#\/schema\/logo\/image\/","url":"https:\/\/i0.wp.com\/hostelsquito.net\/wp-content\/uploads\/2023\/07\/cropped-cropped-galapagos-hostel-natural-life-logo.webp?fit=430%2C472&ssl=1","contentUrl":"https:\/\/i0.wp.com\/hostelsquito.net\/wp-content\/uploads\/2023\/07\/cropped-cropped-galapagos-hostel-natural-life-logo.webp?fit=430%2C472&ssl=1","width":430,"height":472,"caption":"Galapagos Hostel Natural Life"},"image":{"@id":"https:\/\/hostelsquito.net\/es\/#\/schema\/logo\/image\/"},"sameAs":["https:\/\/www.facebook.com\/galapagoshostel","https:\/\/www.instagram.com\/hostalgalapagosnaturallife\/","https:\/\/www.tiktok.com\/@gh_naturallife"]}]}},"jetpack_sharing_enabled":true,"_links":{"self":[{"href":"https:\/\/hostelsquito.net\/es\/wp-json\/wp\/v2\/pages\/1577","targetHints":{"allow":["GET"]}}],"collection":[{"href":"https:\/\/hostelsquito.net\/es\/wp-json\/wp\/v2\/pages"}],"about":[{"href":"https:\/\/hostelsquito.net\/es\/wp-json\/wp\/v2\/types\/page"}],"author":[{"embeddable":true,"href":"https:\/\/hostelsquito.net\/es\/wp-json\/wp\/v2\/users\/1"}],"replies":[{"embeddable":true,"href":"https:\/\/hostelsquito.net\/es\/wp-json\/wp\/v2\/comments?post=1577"}],"version-history":[{"count":53,"href":"https:\/\/hostelsquito.net\/es\/wp-json\/wp\/v2\/pages\/1577\/revisions"}],"predecessor-version":[{"id":2259,"href":"https:\/\/hostelsquito.net\/es\/wp-json\/wp\/v2\/pages\/1577\/revisions\/2259"}],"wp:featuredmedia":[{"embeddable":true,"href":"https:\/\/hostelsquito.net\/es\/wp-json\/wp\/v2\/media\/2249"}],"wp:attachment":[{"href":"https:\/\/hostelsquito.net\/es\/wp-json\/wp\/v2\/media?parent=1577"}],"curies":[{"name":"wp","href":"https:\/\/api.w.org\/{rel}","templated":true}]}}